{"id":291,"date":"2021-08-27T17:35:45","date_gmt":"2021-08-27T15:35:45","guid":{"rendered":"http:\/\/mirna.ba\/new\/?page_id=291"},"modified":"2021-08-27T17:48:54","modified_gmt":"2021-08-27T15:48:54","slug":"o-nama","status":"publish","type":"page","link":"https:\/\/mirna.ba\/en\/o-nama\/","title":{"rendered":"O nama"},"content":{"rendered":"<div data-elementor-type=\"wp-page\" data-elementor-id=\"291\" class=\"elementor elementor-291\" data-elementor-settings=\"[]\">\n\t\t\t\t\t\t\t<div class=\"elementor-section-wrap\">\n\t\t\t\t\t\t\t<section class=\"elementor-section elementor-top-section elementor-element elementor-element-4fb1656 elementor-section-boxed elementor-section-height-default elementor-section-height-default\" data-id=\"4fb1656\" data-element_type=\"section\">\n\t\t\t\t\t\t<div class=\"elementor-container elementor-column-gap-default\">\n\t\t\t\t\t<div class=\"elementor-column elementor-col-100 elementor-top-column elementor-element elementor-element-ad1addf\" data-id=\"ad1addf\" data-element_type=\"column\">\n\t\t\t<div class=\"elementor-widget-wrap elementor-element-populated\">\n\t\t\t\t\t\t\t\t<div class=\"elementor-element elementor-element-22e42c0 elementor-widget elementor-widget-heading\" data-id=\"22e42c0\" data-element_type=\"widget\" data-widget_type=\"heading.default\">\n\t\t\t\t<div class=\"elementor-widget-container\">\n\t\t\t<h3 class=\"elementor-heading-title elementor-size-default\">O NAMA<\/h3>\t\t<\/div>\n\t\t\t\t<\/div>\n\t\t\t\t<div class=\"elementor-element elementor-element-8a3136d elementor-widget-divider--view-line elementor-widget elementor-widget-divider\" data-id=\"8a3136d\" data-element_type=\"widget\" data-widget_type=\"divider.default\">\n\t\t\t\t<div class=\"elementor-widget-container\">\n\t\t\t\t\t<div class=\"elementor-divider\">\n\t\t\t<span class=\"elementor-divider-separator\">\n\t\t\t\t\t\t<\/span>\n\t\t<\/div>\n\t\t\t\t<\/div>\n\t\t\t\t<\/div>\n\t\t\t\t<section class=\"elementor-section elementor-inner-section elementor-element elementor-element-044c6eb elementor-section-boxed elementor-section-height-default elementor-section-height-default\" data-id=\"044c6eb\" data-element_type=\"section\">\n\t\t\t\t\t\t<div class=\"elementor-container elementor-column-gap-default\">\n\t\t\t\t\t<div class=\"elementor-column elementor-col-100 elementor-inner-column elementor-element elementor-element-aa0ca0e\" data-id=\"aa0ca0e\" data-element_type=\"column\">\n\t\t\t<div class=\"elementor-widget-wrap elementor-element-populated\">\n\t\t\t\t\t\t\t\t<div class=\"elementor-element elementor-element-5c85674 elementor-widget elementor-widget-text-editor\" data-id=\"5c85674\" data-element_type=\"widget\" data-widget_type=\"text-editor.default\">\n\t\t\t\t<div class=\"elementor-widget-container\">\n\t\t\t\t\t\t\t<p style=\"text-align: justify;\">Firma Mirna d.o.o. je osnovana 1982. godine. Svoj rad smo zapo\u010deli proizvodnjom i preradom plastike. Na\u0161a je djelatnost vezana za proizvodnju plasti\u010dnih cijevi i cijevnih sistema za primjenu u distribuciji vode, plina, odvodnji, drena\u017ei i kablovskoj za\u0161titi. Tokom godina firma se razvijala i mo\u017eemo re\u0107i da smo se isprofilisali kao renomirana firma i jedan od tr\u017ei\u0161nih lidera u proizvodnji cijevi za vodu, kanalizaciju i drena\u017eu.<\/p><p style=\"text-align: justify;\">2004. godine na\u0161a firma je napravila iskorak u bran\u0161u turizma te je napravljen hotel manjih kapaciteta na planini Vla\u0161i\u0107. Hotel raspola\u017ee sa 26 soba i restoranom kapaciteta 120 mjesta.<\/p><p style=\"text-align: justify;\">Razvojem firme, iskazala se potreba za ulaskom u drvnu industriju gdje smo prvobitno po\u010deli sa proizvodnjom unutarnje i vanjske stolarije. Radili smo na dodatnom razvoju pomenutog segmenta poslovanja, te smo sada proizvo\u0111a\u010di kompletnog plo\u010dastog asortimana namje\u0161taja. Te\u017enja za izvrsno\u0161\u0107u u kvaliteti i jedinstvenom dizajnu, baziranim na finoj zavr\u0161noj obradi ru\u010dnim radom, jedan je od klju\u010dnih faktora uspjeha firme Mirna d.o.o. na doma\u0107em tr\u017ei\u0161tu, a isto tako i osnova za rast na inostranom tr\u017ei\u0161tu. Osim prisustva na doma\u0107em tr\u017ei\u0161tu, namje\u0161taj izvozimo za Austriju, Holandiju i Hrvatsku.<\/p><p style=\"text-align: justify;\">S obzirom da su na\u0161e bran\u0161e usko vezane za gra\u0111evinarstvo, 2008. godine smo zapo\u010deli biznis sa nekretninama. Napravili smo prvu zgradu u Gra\u010danici sa namjenom prodaje stanova i poslovnih prostora za tr\u017ei\u0161te. Do danas, imamo pet izgra\u0111enih zgrada i prepoznati smo kao firma koja gradi kvalitetno i dugotrajno.<\/p><p style=\"text-align: justify;\">Kvalitet, po\u0161tivanje na\u0161ih kupaca, dobavlja\u010da i ispunjavanje dogovora je temelj na kojem mi gradimo na\u0161u firmu. Zadovoljavamo potrebe na\u0161ih klijenata u skladu sa njihovim zahtjevima i o\u010dekivanjima, u najkra\u0107im rokovima i kvalitetno.<\/p><p style=\"text-align: justify;\">Vizija firme Mirna d.o.o. je prepoznatljivost kompanije po profesionalnom odnosu prema kupcu, kvalitetu proizvoda i usluga, uz primjenu najsavremenijih tehnologija prema svjetskim standardima. Cilj je da ispunimo o\u010dekivanja kupaca i poslovnih partnera, te sa njima uspostavimo dugoro\u010dnu saradnju i dobre poslovne odnose.<\/p>\t\t\t\t\t\t<\/div>\n\t\t\t\t<\/div>\n\t\t\t\t\t<\/div>\n\t\t<\/div>\n\t\t\t\t\t\t\t<\/div>\n\t\t<\/section>\n\t\t\t\t\t<\/div>\n\t\t<\/div>\n\t\t\t\t\t\t\t<\/div>\n\t\t<\/section>\n\t\t\t\t\t\t<\/div>\n\t\t\t\t\t<\/div>","protected":false},"excerpt":{"rendered":"<p>O NAMA Firma Mirna d.o.o. je osnovana 1982. godine. Svoj rad smo zapo\u010deli proizvodnjom i preradom plastike. Na\u0161a je djelatnost vezana za proizvodnju plasti\u010dnih cijevi i cijevnih sistema za primjenu u distribuciji vode, plina, odvodnji, drena\u017ei i kablovskoj za\u0161titi. Tokom godina firma se razvijala i mo\u017eemo re\u0107i da smo se isprofilisali kao renomirana firma i [&hellip;]<\/p>","protected":false},"author":2,"featured_media":0,"parent":0,"menu_order":0,"comment_status":"closed","ping_status":"closed","template":"","meta":[],"_links":{"self":[{"href":"https:\/\/mirna.ba\/en\/wp-json\/wp\/v2\/pages\/291"}],"collection":[{"href":"https:\/\/mirna.ba\/en\/wp-json\/wp\/v2\/pages"}],"about":[{"href":"https:\/\/mirna.ba\/en\/wp-json\/wp\/v2\/types\/page"}],"author":[{"embeddable":true,"href":"https:\/\/mirna.ba\/en\/wp-json\/wp\/v2\/users\/2"}],"replies":[{"embeddable":true,"href":"https:\/\/mirna.ba\/en\/wp-json\/wp\/v2\/comments?post=291"}],"version-history":[{"count":25,"href":"https:\/\/mirna.ba\/en\/wp-json\/wp\/v2\/pages\/291\/revisions"}],"predecessor-version":[{"id":329,"href":"https:\/\/mirna.ba\/en\/wp-json\/wp\/v2\/pages\/291\/revisions\/329"}],"wp:attachment":[{"href":"https:\/\/mirna.ba\/en\/wp-json\/wp\/v2\/media?parent=291"}],"curies":[{"name":"wp","href":"https:\/\/api.w.org\/{rel}","templated":true}]}}