{"id":408,"date":"2021-09-10T12:02:44","date_gmt":"2021-09-10T10:02:44","guid":{"rendered":"http:\/\/mirna.ba\/new\/?page_id=408"},"modified":"2021-09-12T15:30:34","modified_gmt":"2021-09-12T13:30:34","slug":"iznajmljivanje","status":"publish","type":"page","link":"https:\/\/mirna.ba\/en\/iznajmljivanje\/","title":{"rendered":"Iznajmljivanje"},"content":{"rendered":"<div data-elementor-type=\"wp-page\" data-elementor-id=\"408\" class=\"elementor elementor-408\" data-elementor-settings=\"[]\">\n\t\t\t\t\t\t\t<div class=\"elementor-section-wrap\">\n\t\t\t\t\t\t\t<section class=\"elementor-section elementor-top-section elementor-element elementor-element-2977059 elementor-section-boxed elementor-section-height-default elementor-section-height-default\" data-id=\"2977059\" data-element_type=\"section\">\n\t\t\t\t\t\t<div class=\"elementor-container elementor-column-gap-default\">\n\t\t\t\t\t<div class=\"elementor-column elementor-col-100 elementor-top-column elementor-element elementor-element-0877d95\" data-id=\"0877d95\" data-element_type=\"column\">\n\t\t\t<div class=\"elementor-widget-wrap elementor-element-populated\">\n\t\t\t\t\t\t\t\t<div class=\"elementor-element elementor-element-c460865 elementor-cta--layout-image-left elementor-cta--mobile-layout-image-above elementor-cta--valign-middle elementor-cta--skin-classic elementor-animated-content elementor-bg-transform elementor-bg-transform-zoom-in elementor-widget elementor-widget-call-to-action\" data-id=\"c460865\" data-element_type=\"widget\" data-widget_type=\"call-to-action.default\">\n\t\t\t\t<div class=\"elementor-widget-container\">\n\t\t\t\t\t<div  class=\"elementor-cta\">\n\t\t\t\t\t<div class=\"elementor-cta__bg-wrapper\">\n\t\t\t\t<div class=\"elementor-cta__bg elementor-bg\" style=\"background-image: url(https:\/\/mirna.ba\/wp-content\/uploads\/2021\/09\/IMG_2939-1-960x750-1.jpg);\"><\/div>\n\t\t\t\t<div class=\"elementor-cta__bg-overlay\"><\/div>\n\t\t\t<\/div>\n\t\t\t\t\t\t\t<div class=\"elementor-cta__content\">\n\t\t\t\t\n\t\t\t\t\t\t\t\t\t<h2 class=\"elementor-cta__title elementor-cta__content-item elementor-content-item\">\n\t\t\t\t\t\tPoslovni prostor Gra\u010danica \u2013 ul. Bosanskih kraljeva\t\t\t\t\t<\/h2>\n\t\t\t\t\n\t\t\t\t\t\t\t\t\t<div class=\"elementor-cta__description elementor-cta__content-item elementor-content-item\">\n\t\t\t\t\t\tIznajmljujemo poslovni prostor od 80 m2 u ulici Bosanskih kraljeva. Prostor je renoviran prije nekoliko godina. Sadr\u017ei 2 velike odvojene prostorije, zaseban wc, zasebnu prostoriju za kuhinju. Pored toga, prostor ima i ostavu od nekih 20 m2. Pogodan je za razne djelatnosti, prvenstveno za kancelarije, ordinacije, trgova\u010dke djelatnosti i sli\u010dno.<br><br>\nZa dodatne informacije molimo da nas kontaktirate na telefon 061\/894-858.\t\t\t\t\t<\/div>\n\t\t\t\t\n\t\t\t\t\t\t\t<\/div>\n\t\t\t\t\t\t\t<div class=\"elementor-ribbon elementor-ribbon-left\">\n\t\t\t\t<div class=\"elementor-ribbon-inner\">DOSTUPNO<\/div>\n\t\t\t<\/div>\n\t\t\t\t<\/div>\n\t\t\t\t<\/div>\n\t\t\t\t<\/div>\n\t\t\t\t<div class=\"elementor-element elementor-element-ac6c0b3 elementor-cta--layout-image-left elementor-cta--mobile-layout-image-above elementor-cta--valign-middle elementor-cta--skin-classic elementor-animated-content elementor-bg-transform elementor-bg-transform-zoom-in elementor-widget elementor-widget-call-to-action\" data-id=\"ac6c0b3\" data-element_type=\"widget\" data-widget_type=\"call-to-action.default\">\n\t\t\t\t<div class=\"elementor-widget-container\">\n\t\t\t\t\t<div  class=\"elementor-cta\">\n\t\t\t\t\t<div class=\"elementor-cta__bg-wrapper\">\n\t\t\t\t<div class=\"elementor-cta__bg elementor-bg\" style=\"background-image: url(https:\/\/mirna.ba\/wp-content\/uploads\/2021\/09\/IMG_1858-1-960x750-1.jpg);\"><\/div>\n\t\t\t\t<div class=\"elementor-cta__bg-overlay\"><\/div>\n\t\t\t<\/div>\n\t\t\t\t\t\t\t<div class=\"elementor-cta__content\">\n\t\t\t\t\n\t\t\t\t\t\t\t\t\t<h2 class=\"elementor-cta__title elementor-cta__content-item elementor-content-item\">\n\t\t\t\t\t\tPoslovni prostor \u2013 stambeno\/poslovni objekat Varo\u0161 1\t\t\t\t\t<\/h2>\n\t\t\t\t\n\t\t\t\t\t\t\t\t\t<div class=\"elementor-cta__description elementor-cta__content-item elementor-content-item\">\n\t\t\t\t\t\tProdajem ili iznajmljujem poslovni prostor od 217 m2 u Varo\u0161i u novoizgra\u0111enoj zgradi. Prostor ima velike portale, granitni pod, led rasvjetu, 2 mokra \u010dvora. Prostor je vi\u0161enamjenski a naro\u010dito je pogodan za trgova\u010dke djelatnosti, ordinacije, kancelarije i drugo. Ispred prostora ima 10 parking mjesta koje dobivate gratis.\nMogu\u0107e je izdavanje na du\u017ei vremenski period.\n<br><br>\nCijena po dogovoru. Kontakt 061\/726-852\t\t\t\t\t<\/div>\n\t\t\t\t\n\t\t\t\t\t\t\t<\/div>\n\t\t\t\t\t\t\t<div class=\"elementor-ribbon elementor-ribbon-left\">\n\t\t\t\t<div class=\"elementor-ribbon-inner\">DOSTUPNO<\/div>\n\t\t\t<\/div>\n\t\t\t\t<\/div>\n\t\t\t\t<\/div>\n\t\t\t\t<\/div>\n\t\t\t\t<div class=\"elementor-element elementor-element-c43ba32 elementor-cta--layout-image-left elementor-cta--mobile-layout-image-above elementor-cta--valign-middle elementor-cta--skin-classic elementor-animated-content elementor-bg-transform elementor-bg-transform-zoom-in elementor-widget elementor-widget-call-to-action\" data-id=\"c43ba32\" data-element_type=\"widget\" data-widget_type=\"call-to-action.default\">\n\t\t\t\t<div class=\"elementor-widget-container\">\n\t\t\t\t\t<div  class=\"elementor-cta\">\n\t\t\t\t\t<div class=\"elementor-cta__bg-wrapper\">\n\t\t\t\t<div class=\"elementor-cta__bg elementor-bg\" style=\"background-image: url(https:\/\/mirna.ba\/wp-content\/uploads\/2021\/09\/IMG_5900-1-960x750-1.jpg);\"><\/div>\n\t\t\t\t<div class=\"elementor-cta__bg-overlay\"><\/div>\n\t\t\t<\/div>\n\t\t\t\t\t\t\t<div class=\"elementor-cta__content\">\n\t\t\t\t\n\t\t\t\t\t\t\t\t\t<h2 class=\"elementor-cta__title elementor-cta__content-item elementor-content-item\">\n\t\t\t\t\t\tPoslovni prostor \u2013 objekat Mirna Konzum\t\t\t\t\t<\/h2>\n\t\t\t\t\n\t\t\t\t\t\t\t\t\t<div class=\"elementor-cta__description elementor-cta__content-item elementor-content-item\">\n\t\t\t\t\t\tIznajmljuje se poslovni prostor u zgradi Mirna kod Konzuma. Prostor se nalazi na glavnoj prometnici grada, raspola\u017ee sa 300 m2 raspore\u0111enih na dvije eta\u017ee. Vi\u0161enamjenski je, a zbog svoje lokacije naro\u010dito je pogodan za trgova\u010dke djelatnosti, banke, ordinacije i sli\u010dno.<br><br>\nZa dodatne informacije molimo da nas kontaktirate na broj 035\/704-960 ili 061\/894-858.\t\t\t\t\t<\/div>\n\t\t\t\t\n\t\t\t\t\t\t\t<\/div>\n\t\t\t\t\t\t\t<div class=\"elementor-ribbon elementor-ribbon-left\">\n\t\t\t\t<div class=\"elementor-ribbon-inner\">IZNAJMLJENO<\/div>\n\t\t\t<\/div>\n\t\t\t\t<\/div>\n\t\t\t\t<\/div>\n\t\t\t\t<\/div>\n\t\t\t\t\t<\/div>\n\t\t<\/div>\n\t\t\t\t\t\t\t<\/div>\n\t\t<\/section>\n\t\t\t\t\t\t<\/div>\n\t\t\t\t\t<\/div>","protected":false},"excerpt":{"rendered":"<p>Poslovni prostor Gra\u010danica \u2013 ul. Bosanskih kraljeva Iznajmljujemo poslovni prostor od 80 m2 u ulici Bosanskih kraljeva. Prostor je renoviran prije nekoliko godina. Sadr\u017ei 2 velike odvojene prostorije, zaseban wc, zasebnu prostoriju za kuhinju. Pored toga, prostor ima i ostavu od nekih 20 m2. Pogodan je za razne djelatnosti, prvenstveno za kancelarije, ordinacije, trgova\u010dke djelatnosti [&hellip;]<\/p>","protected":false},"author":2,"featured_media":0,"parent":0,"menu_order":0,"comment_status":"closed","ping_status":"closed","template":"elementor_header_footer","meta":[],"_links":{"self":[{"href":"https:\/\/mirna.ba\/en\/wp-json\/wp\/v2\/pages\/408"}],"collection":[{"href":"https:\/\/mirna.ba\/en\/wp-json\/wp\/v2\/pages"}],"about":[{"href":"https:\/\/mirna.ba\/en\/wp-json\/wp\/v2\/types\/page"}],"author":[{"embeddable":true,"href":"https:\/\/mirna.ba\/en\/wp-json\/wp\/v2\/users\/2"}],"replies":[{"embeddable":true,"href":"https:\/\/mirna.ba\/en\/wp-json\/wp\/v2\/comments?post=408"}],"version-history":[{"count":34,"href":"https:\/\/mirna.ba\/en\/wp-json\/wp\/v2\/pages\/408\/revisions"}],"predecessor-version":[{"id":839,"href":"https:\/\/mirna.ba\/en\/wp-json\/wp\/v2\/pages\/408\/revisions\/839"}],"wp:attachment":[{"href":"https:\/\/mirna.ba\/en\/wp-json\/wp\/v2\/media?parent=408"}],"curies":[{"name":"wp","href":"https:\/\/api.w.org\/{rel}","templated":true}]}}